{"id":48,"date":"2019-08-06T19:59:35","date_gmt":"2019-08-06T17:59:35","guid":{"rendered":"http:\/\/www.theater-schenkon.ch\/Wordpress\/?page_id=48"},"modified":"2026-02-14T18:03:37","modified_gmt":"2026-02-14T17:03:37","slug":"mitglied-werden","status":"publish","type":"page","link":"https:\/\/www.theater-schenkon.ch\/Wordpress\/?page_id=48","title":{"rendered":"Mitglied werden?"},"content":{"rendered":"\n<p>An einer Theatervorf\u00fchrung gibt es nicht nur auf sondern auch hinter und neben der B\u00fchne Einiges zu tun. Falls DU gerne zu einer unserer gelungenen Theaterauff\u00fchrung beitragen willst&#8230; werde doch Mitglied in unserem Theaterverein.<\/p>\n\n\n\n<p>Hast du Interesse melde dich bei unserer <a href=\"mailto:preasident@theater-schenkon.ch\">Pr\u00e4sidentin<\/a>.<\/p>\n","protected":false},"excerpt":{"rendered":"<p>An einer Theatervorf\u00fchrung gibt es nicht nur auf sondern auch hinter und neben der B\u00fchne Einiges zu tun. Falls DU gerne zu einer unserer gelungenen Theaterauff\u00fchrung beitragen willst&#8230; werde doch Mitglied in unserem Theaterverein. Hast du Interesse melde dich bei unserer Pr\u00e4sidentin.<\/p>\n","protected":false},"author":1,"featured_media":0,"parent":8,"menu_order":0,"comment_status":"closed","ping_status":"closed","template":"","meta":{"footnotes":""},"_links":{"self":[{"href":"https:\/\/www.theater-schenkon.ch\/Wordpress\/index.php?rest_route=\/wp\/v2\/pages\/48"}],"collection":[{"href":"https:\/\/www.theater-schenkon.ch\/Wordpress\/index.php?rest_route=\/wp\/v2\/pages"}],"about":[{"href":"https:\/\/www.theater-schenkon.ch\/Wordpress\/index.php?rest_route=\/wp\/v2\/types\/page"}],"author":[{"embeddable":true,"href":"https:\/\/www.theater-schenkon.ch\/Wordpress\/index.php?rest_route=\/wp\/v2\/users\/1"}],"replies":[{"embeddable":true,"href":"https:\/\/www.theater-schenkon.ch\/Wordpress\/index.php?rest_route=%2Fwp%2Fv2%2Fcomments&post=48"}],"version-history":[{"count":5,"href":"https:\/\/www.theater-schenkon.ch\/Wordpress\/index.php?rest_route=\/wp\/v2\/pages\/48\/revisions"}],"predecessor-version":[{"id":462,"href":"https:\/\/www.theater-schenkon.ch\/Wordpress\/index.php?rest_route=\/wp\/v2\/pages\/48\/revisions\/462"}],"up":[{"embeddable":true,"href":"https:\/\/www.theater-schenkon.ch\/Wordpress\/index.php?rest_route=\/wp\/v2\/pages\/8"}],"wp:attachment":[{"href":"https:\/\/www.theater-schenkon.ch\/Wordpress\/index.php?rest_route=%2Fwp%2Fv2%2Fmedia&parent=48"}],"curies":[{"name":"wp","href":"https:\/\/api.w.org\/{rel}","templated":true}]}}