{"id":144,"date":"2019-09-28T19:43:13","date_gmt":"2019-09-28T17:43:13","guid":{"rendered":"http:\/\/www.theater-schenkon.ch\/Wordpress\/?page_id=144"},"modified":"2026-02-14T18:59:22","modified_gmt":"2026-02-14T17:59:22","slug":"aufgefuehrte-stuecke","status":"publish","type":"page","link":"https:\/\/www.theater-schenkon.ch\/Wordpress\/?page_id=144","title":{"rendered":"Aufgef\u00fchrte St\u00fccke"},"content":{"rendered":"\n<ul>\n<li><a href=\"https:\/\/www.theater-schenkon.ch\/Wordpress\/?p=476\" data-type=\"post\" data-id=\"476\">2023 Hesch en Vogel?<\/a><\/li>\n\n\n\n<li>2022 Verruckts G\u00e4ud<\/li>\n\n\n\n<li><a href=\"https:\/\/www.theater-schenkon.ch\/Wordpress\/?p=473\" data-type=\"post\" data-id=\"473\">2019 De verrockti Theodor<\/a><\/li>\n\n\n\n<li><a href=\"https:\/\/www.theater-schenkon.ch\/Wordpress\/?p=469\" data-type=\"post\" data-id=\"469\">2018 Reini N\u00e4rvesach<\/a><\/li>\n\n\n\n<li><a href=\"https:\/\/www.theater-schenkon.ch\/Wordpress\/?p=466\" data-type=\"post\" data-id=\"466\">2017 Das cha jo heiter w\u00e4rde<\/a><\/li>\n\n\n\n<li>2016 Spaarmassnaame<\/li>\n\n\n\n<li>2015 NOME ZOFF MET EM STOFF<\/li>\n\n\n\n<li>2013 Fisch Schoggi GmbH<\/li>\n\n\n\n<li>2012 Camper Fr\u00fcnde<\/li>\n\n\n\n<li>2011 Baby wider Willen<\/li>\n\n\n\n<li>2010 Tatort Villa Bock<\/li>\n\n\n\n<li>2009 Alte Liebe rostet nicht<\/li>\n\n\n\n<li>2008 zw\u00f6i herti N\u00f6ss<\/li>\n\n\n\n<li>2007 lueged emou verbii<\/li>\n\n\n\n<li>2006 D&#8217;Wondersou<\/li>\n\n\n\n<li>2005 D&#8217;B\u00e4\u00e4seh\u00e4x<\/li>\n\n\n\n<li>2004 Hotel Mimosa<\/li>\n\n\n\n<li>2003 E schl\u00e4chti Uusreed<\/li>\n\n\n\n<li>2002 H\u00fcroote? Nei danke!<\/li>\n\n\n\n<li>2001 E tolli Familie<\/li>\n\n\n\n<li>2000 Empire-R\u00f6ck und M\u00e4nnertr\u00f6im<\/li>\n\n\n\n<li>1999 B\u00e4ckerei Dreyfuess<\/li>\n\n\n\n<li>1997 E verruckti Familie<\/li>\n\n\n\n<li>1995 Tante Jutta vo\u2026<\/li>\n\n\n\n<li>1994 Samt und Siide<\/li>\n\n\n\n<li>1993 Met Chuchi-Aateil<\/li>\n\n\n\n<li>1993 Es glungnigs Mandli (Einakter)<\/li>\n\n\n\n<li>1992 Lappi tue d&#8217;Auge uf<\/li>\n\n\n\n<li>1991 s&#8217;Hotel zom Letzte Batze<\/li>\n\n\n\n<li>1990 De Tierb\u00e4ndiger<\/li>\n<\/ul>\n","protected":false},"excerpt":{"rendered":"","protected":false},"author":1,"featured_media":0,"parent":8,"menu_order":3,"comment_status":"closed","ping_status":"closed","template":"","meta":{"footnotes":""},"_links":{"self":[{"href":"https:\/\/www.theater-schenkon.ch\/Wordpress\/index.php?rest_route=\/wp\/v2\/pages\/144"}],"collection":[{"href":"https:\/\/www.theater-schenkon.ch\/Wordpress\/index.php?rest_route=\/wp\/v2\/pages"}],"about":[{"href":"https:\/\/www.theater-schenkon.ch\/Wordpress\/index.php?rest_route=\/wp\/v2\/types\/page"}],"author":[{"embeddable":true,"href":"https:\/\/www.theater-schenkon.ch\/Wordpress\/index.php?rest_route=\/wp\/v2\/users\/1"}],"replies":[{"embeddable":true,"href":"https:\/\/www.theater-schenkon.ch\/Wordpress\/index.php?rest_route=%2Fwp%2Fv2%2Fcomments&post=144"}],"version-history":[{"count":11,"href":"https:\/\/www.theater-schenkon.ch\/Wordpress\/index.php?rest_route=\/wp\/v2\/pages\/144\/revisions"}],"predecessor-version":[{"id":479,"href":"https:\/\/www.theater-schenkon.ch\/Wordpress\/index.php?rest_route=\/wp\/v2\/pages\/144\/revisions\/479"}],"up":[{"embeddable":true,"href":"https:\/\/www.theater-schenkon.ch\/Wordpress\/index.php?rest_route=\/wp\/v2\/pages\/8"}],"wp:attachment":[{"href":"https:\/\/www.theater-schenkon.ch\/Wordpress\/index.php?rest_route=%2Fwp%2Fv2%2Fmedia&parent=144"}],"curies":[{"name":"wp","href":"https:\/\/api.w.org\/{rel}","templated":true}]}}